{"id":907,"date":"2014-01-05T11:41:30","date_gmt":"2014-01-05T11:41:30","guid":{"rendered":"http:\/\/h2214820.stratoserver.net\/?page_id=907"},"modified":"2021-01-30T15:19:10","modified_gmt":"2021-01-30T15:19:10","slug":"vortrage-und-fuhrungen","status":"publish","type":"page","link":"https:\/\/margarete.meggle-freund.de\/?page_id=907","title":{"rendered":"Vortr\u00e4ge und F\u00fchrungen"},"content":{"rendered":"<h1>Vortr\u00e4ge<\/h1>\n<ul>\n<li>\n<p>        <img decoding=\"async\" src=\"\/wp-content\/uploads\/2013\/07\/braeg2.jpg\" alt=\"\"><\/p>\n<h3>Ebersberger Bl\u00fcten \u2013 Installationen von Daniel Br\u00e4g<\/h3>\n<div>\n<p>Museum Wald und Umwelt Ebersberg, 28. Juni 2013<\/p>\n<\/div>\n<p><a href=\"https:\/\/margarete.meggle-freund.de\/wp-content\/uploads\/2006\/04\/braeg-austellung.pdf\">Mehr&#8230;<\/a><\/p>\n<\/li>\n<li>\n<p>        <img decoding=\"async\" src=\"\/wp-content\/uploads\/2012\/06\/visiontrees.jpg\" alt=\"\"><\/p>\n<h3>Visiontrees \u2013 Zauberkabinette der Natur<\/h3>\n<p><a href=\"https:\/\/margarete.meggle-freund.de\/wp-content\/uploads\/2006\/04\/visiontrees_einfuehrung.pdf\">Mehr&#8230;<\/a><\/p>\n<\/li>\n<li>\n<p>        <img decoding=\"async\" src=\"\/wp-content\/uploads\/2009\/06\/repro-000069-2tanzpaarkl.jpg\" alt=\"\"><\/p>\n<h3>Romantische Landschaften. Grafiken von Johann Georg von Dillis und Zeitgenossen<\/h3>\n<div>\n<p>Ausstellung im Neuen Stadtmuseum Landsberg Lech, 11. Juli 2010 \u00a0<\/p>\n<\/div>\n<p><a href=\"https:\/\/margarete.meggle-freund.de\/?page_id=1438\">Mehr&#8230;<\/a><\/p>\n<\/li>\n<li>\n<h3>\u201eDas Gr\u00fcne Leuchten\u201c. Bilder von Gotlind Timmermanns<\/h3>\n<div>\n<p>12. November 2009, Ausstellungser\u00f6ffnung in der Galerie Ruetz an der Pinakothek der Moderne<\/p>\n<\/div>\n<\/li>\n<li>\n<h3>Festvortrag zum 125. Jubil\u00e4um des Neuen Stadtmuseums Landsberg<\/h3>\n<div>\n<p>25. Oktober 2009 im Rathausfestsaal<\/p>\n<\/div>\n<\/li>\n<li>\n<h3>Einf\u00fchrung zur 21. Jahresausstellung des Regionalverband bildender K\u00fcnstler Oberbayern West<\/h3>\n<div>\n<p>23. Oktober 2009 in der<br \/>S\u00e4ulenhalle Landsberg<\/p>\n<\/div>\n<\/li>\n<li>\n<h3>Einf\u00fchrung zur Ausstellung von Tom R\u00fccker<\/h3>\n<div>\n<p>25. Mai 2009 im Taubenturm in Diesen<\/p>\n<\/div>\n<\/li>\n<li>\n<h3>\u201eDer Gr\u00fcne Zweig\u201c Bilder von Gotlind Timmermanns<\/h3>\n<div>\n<p>9. Mai 2009 in der S\u00e4ulenhalle Landsberg<\/p>\n<\/div>\n<\/li>\n<li>\n<h3>Vom Innenleben der Tasche \u2013 \u201eFrauen brauchen gro\u00dfe Handtaschen, M\u00e4nner gen\u00fcgen sich selbst.\u201c<\/h3>\n<div>\n<p>1. Februar 2009 \u00a0im Rheinischen Industriemuseum Ratingen<\/p>\n<\/div>\n<\/li>\n<li>\n<h3>Zur Er\u00f6ffnung der Jahresausstellung der K\u00fcnstlergilde Landsberg \u2013 Lech \u2013 Ammersee<\/h3>\n<div>\n<p>15. November 2008 in der Berufsschule Landsberg<\/p>\n<\/div>\n<\/li>\n<li>\n<h3>Neue Sinnsuche auf alten Wegen. \u201eDer Jakobsweg\u201c als Medienthema<\/h3>\n<div>\n<p>6. September 2008 Vortrag auf der Tagung \u201eIn Bewegung \u2013 Wie Alltag sich ver\u00e4ndert\u201c im Freilichtmuseum Hessenpark<\/p>\n<\/div>\n<\/li>\n<li>\n<h3>In der Tiefe der Tasche. Die Geheimnisse der Damenhandtasche<\/h3>\n<div>\n<p>28. September 2008 Vortrag im St\u00e4dtischen<br \/>Museum G\u00f6ttingen<\/p>\n<\/div>\n<\/li>\n<li>\n<h3>Deutsche Spanienreisen \u2013 ausgestellt<\/h3>\n<div>\n<p>11. April 2008, Referat auf der 8. Tagung der Kommission f\u00fcr Tourismusforschung \u201eDinge<br \/>auf Reisen\u201c in der DGV in M\u00fcnchen<\/p>\n<\/div>\n<\/li>\n<li>\n<h3>Eine Fallstudie zum Konzept \u201eHerrschaft und Eigensinn\u201c<\/h3>\n<div>\n<p>04. Dezember 2007 Referat im Forschungskolloquium am Zentrum f\u00fcr Zeithistorische Forschung Potsdam<\/p>\n<\/div>\n<\/li>\n<li>\n<h3>\u201eTaschen \u2013 Eine Materialcollage im Duett\u201c<\/h3>\n<div>\n<p>24. November 2007 zusammen mit<br \/>Annette H\u00fclsenbeck im Rahmen der Tagung<br \/>\u201eDas Gebot der Dinge \u2013 Geschlechterrollen im<br \/>Spiegel von textilen Objekten der Alltagskultur\u201c an der<br \/>Universit\u00e4t Osnabr\u00fcck<\/p>\n<\/div>\n<\/li>\n<li>\n<h3>\u201eWarum m\u00f6gen Deutsche den Flamenco?\u201c<\/h3>\n<div>\n<p>09. November 2007 Mitwirkung beim Podiumsgespr\u00e4ch im Rahmen des Festivals der Andalusischen K\u00fcnste\u201c in der Pasinger-Fabrik<\/p>\n<\/div>\n<\/li>\n<li>\n<h3>\u201eKunst und Religion\u201c \u2013 Hinter den Dingen<\/h3>\n<div>\n<p>Die Kuratorin Margarete Meggle-Freund im Gespr\u00e4ch mit dem Theologen Gerhard Elwert<br \/>15. Juni 2007 im Museum am Markt, Karlsruhe<\/p>\n<\/div>\n<\/li>\n<li>\n<h3>Museale Sammlungsstrategien zur Gegenwartskultur Welche Dinge repr\u00e4sentieren unsere Gegenwart?<\/h3>\n<div>\n<p>Sommersemester 2006, Friedrich-Schiller-Universit\u00e4t, Jena<\/p>\n<\/div>\n<p><a href=\"https:\/\/margarete.meggle-freund.de\/?p=797\">Mehr&#8230;<\/a><\/p>\n<\/li>\n<li>\n<h3>Gastvortrag in der Wohn-Vorlesung von Prof. Dr. Christel K\u00f6hle-Hezinger<\/h3>\n<div>\n<p>in Jena FSU am 14. Juli 2005<\/p>\n<\/div>\n<p><a href=\"https:\/\/margarete.meggle-freund.de\/?page_id=1497\">Mehr&#8230;<\/a><\/p>\n<\/li>\n<li>\n<h3>Vortrag in der Kr\u00e4uter-Apotheke in Bad Windsheim<\/h3>\n<div>\n<p>10. Juni 2005 \u201eL\u00e4ndlicher Chic \u2013 aus dem<br \/>N\u00e4hk\u00e4stchen des Museums\u201c<\/p>\n<\/div>\n<\/li>\n<li>\n<h3>Vortrag in der Kr\u00e4uter-Apotheke in Bad Windsheim<\/h3>\n<div>\n<p>10. Juni 2005 \u201eL\u00e4ndlicher Chic \u2013 aus dem<br \/>N\u00e4hk\u00e4stchen des Museums\u201c<\/p>\n<\/div>\n<\/li>\n<li>\n<p>        <img decoding=\"async\" src=\"\/wp-content\/uploads\/2007\/03\/logo.jpg\" alt=\"\"><\/p>\n<h3>Ausstellungser\u00f6ffnung \u2013 \u201cAbsatz, Boa und Zylinder\u201d<\/h3>\n<div>\n<p>23. Mai 2005<\/p>\n<\/div>\n<p><a href=\"https:\/\/margarete.meggle-freund.de\/?page_id=1537\">Mehr&#8230;<\/a><\/p>\n<\/li>\n<li>\n<p>        <img decoding=\"async\" src=\"\/wp-content\/uploads\/2005\/03\/museum_tasche.jpg\" alt=\"\"><\/p>\n<h3>Er\u00f6ffnungsvortrag zur Ausstellung \u201eImmer eine Tasche zur Hand\u201c<\/h3>\n<div>\n<p>Stadtmuseum Gerlinger Heimatmuseum Sonntag, 03. April 2005<\/p>\n<\/div>\n<p><a href=\"https:\/\/margarete.meggle-freund.de\/?p=721\">Mehr&#8230;<\/a><\/p>\n<\/li>\n<li>\n<h3>\u201eOrdnungen im Wohnalltag der DDR. Eine \u201eordentliche Wohnung\u201c und die Angst vor der Unordnung\u201c<\/h3>\n<div>\n<p>26. September 2001 auf dem 33. Kongress<br \/>der Deutschen Gesellschaft f\u00fcr Volkskunde in Jena \u201eKomplexe Welt.<br \/>Kulturelle Ordnungssysteme als Orientierung<\/p>\n<\/div>\n<\/li>\n<li>\n<h3>\u201eZwischen Ost und West. Feldforschungen zum Wohnen in der DDR.\u201c<\/h3>\n<div>\n<p>26.-29 Juli 2001, Referat und<br \/>Unterrichtst\u00e4tigkeit <br \/>beim Kompaktseminar Bruck am Hammer\/Brod<br \/>nad Tichou und sein altes Pfarrhaus.<br \/>Ein deutsch-tschechisches Oral-History- und<br \/>Ausstellungsprojekt der Universit\u00e4t Passau<\/p>\n<\/div>\n<\/li>\n<li>\n<h3>Vernissage der Ausstellung \u201eRuhe und Bewegung. Fotografische Arbeiten von Alexander Kirnberger\u201c<\/h3>\n<div>\n<p>29. September 2000 im Akademiker Zentrum, M\u00fcnchen<\/p>\n<\/div>\n<\/li>\n<li>\n<h3>Mitwirkung am Podium \u201eVon Form und Inhalt \u2013 Handtaschen\u201c<\/h3>\n<div>\n<p>16. Januar 1997 bei der Live-Sendung \u201eHallo \u00dc-Wagen\u201c des Westdeutschen Rundfunks in Dortmund<\/p>\n<\/div>\n<\/li>\n<li>\n<h3>In der Tiefe der Tasche. Zeichenhaftigkeit im allt\u00e4glichen Umgang mit den Dingen<\/h3>\n<div>\n<p>28.September 1995 Referat auf dem 30.<br \/>Kongress der Deutschen Gesellschaft f\u00fcr Volkskunde in<br \/>Karlsruhe\u00a0\u201eSymbole. Zur Bedeutung der Zeichen in<br \/>der Kultur\u201c<\/p>\n<\/div>\n<\/li>\n<\/ul>\n<h1>F\u00fchrungen<\/h1>\n<ul>\n<li>\n<h3>Themenf\u00fchrung \u201eInternationale Plakatkunst zu Natur und Umwelt\u201c<\/h3>\n<div>\n<p>12. Mai 2013, Museum Wald und Umwelt Ebersberg<\/p>\n<\/div>\n<\/li>\n<li>\n<h3>Themenf\u00fchrung \u201eDie aktuelle Mode der Nachhaltigkeit \u2013 Ein altes Konzept der Forstwirtschaft\u201c<\/h3>\n<div>\n<p>20. Mai 2012, Museum Wald und Umwelt Ebersberg<\/p>\n<\/div>\n<\/li>\n<li>\n<h3>Themenf\u00fchrung \u201eIst das Zukunftsm\u00e4rchen wahr geworden? 50 Jahre \u201aSilent Spring\u2018. Zur Geschichte der gr\u00fcnen Bewegung\u201c<\/h3>\n<div>\n<p>20. Mai 2012, Museum Wald und Umwelt Ebersberg<\/p>\n<\/div>\n<\/li>\n<li>\n<h3>Themenf\u00fchrung \u201eSport durch die Jahrtausende\u201c<\/h3>\n<div>\n<p>11. Juni und 9. Juli 2006, Badisches Landesmuseum<\/p>\n<\/div>\n<p><a href=\"https:\/\/margarete.meggle-freund.de\/?p=776\">Mehr&#8230;<\/a><\/p>\n<\/li>\n<li>\n<h3>Themenf\u00fchrung \u201eK\u00f6rper, Kampf und Kult \u2013 Das Jahrhundert des Sports\u201c<\/h3>\n<div>\n<p>28. April 2006, Badisches Landesmuseum<\/p>\n<\/div>\n<p><a href=\"https:\/\/margarete.meggle-freund.de\/?p=775\">Mehr&#8230;<\/a><\/p>\n<\/li>\n<li>\n<h3>Kost\u00fcmf\u00fchrung durch die Ausstellung \u201eAbsatz, Boa und Zylinder\u201c<\/h3>\n<div>\n<p>Montag, 22 August 2005 \u2013 Bad Windsheim<\/p>\n<\/div>\n<p><a href=\"https:\/\/margarete.meggle-freund.de\/?p=773\">Mehr&#8230;<\/a><\/p>\n<\/li>\n<\/ul>\n<p><!-- {\"type\":\"layout\",\"children\":[{\"type\":\"section\",\"props\":{\"style\":\"default\",\"width\":\"default\",\"vertical_align\":\"middle\",\"title_position\":\"top-left\",\"title_rotation\":\"left\",\"title_breakpoint\":\"xl\",\"image_position\":\"center-center\"},\"children\":[{\"type\":\"row\",\"children\":[{\"type\":\"column\",\"props\":{\"image_position\":\"center-center\",\"media_overlay_gradient\":\"\"},\"children\":[{\"type\":\"headline\",\"props\":{\"title_element\":\"h1\",\"content\":\"Vortr\\u00e4ge\"}},{\"type\":\"accordion\",\"props\":{\"show_image\":true,\"show_link\":true,\"collapsible\":true,\"content_column_breakpoint\":\"m\",\"image_svg_color\":\"emphasis\",\"image_align\":\"left\",\"image_grid_width\":\"auto\",\"image_grid_breakpoint\":\"m\",\"link_text\":\"Mehr...\",\"link_style\":\"default\",\"content_style\":\"lead\",\"content_column\":\"\",\"image_height\":\"200\"},\"children\":[{\"type\":\"accordion_item\",\"props\":{\"title\":\"Ebersberger Bl\\u00fcten \\u2013 Installationen von Daniel Br\\u00e4g\",\"content\":\"\n\n<p>Museum Wald und Umwelt Ebersberg, 28. Juni 2013<\\\/p>\",\"image\":\"wp-content\\\/uploads\\\/2013\\\/07\\\/braeg2.jpg\",\"link\":\"https:\\\/\\\/margarete.meggle-freund.de\\\/wp-content\\\/uploads\\\/2006\\\/04\\\/braeg-austellung.pdf\"}},{\"type\":\"accordion_item\",\"props\":{\"title\":\"Visiontrees \\u2013 Zauberkabinette der Natur\",\"image\":\"wp-content\\\/uploads\\\/2012\\\/06\\\/visiontrees.jpg\",\"link\":\"https:\\\/\\\/margarete.meggle-freund.de\\\/wp-content\\\/uploads\\\/2006\\\/04\\\/visiontrees_einfuehrung.pdf\"}},{\"type\":\"accordion_item\",\"props\":{\"title\":\"Romantische Landschaften. Grafiken von Johann Georg von Dillis und Zeitgenossen\",\"content\":\"\n\n<p>Ausstellung im Neuen Stadtmuseum Landsberg Lech, 11. Juli 2010 \\u00a0<\\\/p>\",\"image\":\"wp-content\\\/uploads\\\/2009\\\/06\\\/repro-000069-2tanzpaarkl.jpg\",\"link\":\"https:\\\/\\\/margarete.meggle-freund.de\\\/?page_id=1438\"}},{\"type\":\"accordion_item\",\"props\":{\"content\":\"\n\n<p>12. November 2009, Ausstellungser\\u00f6ffnung in der Galerie Ruetz an der Pinakothek der Moderne<\\\/p>\",\"title\":\"\\u201eDas Gr\\u00fcne Leuchten\\u201c. Bilder von Gotlind Timmermanns\"}},{\"type\":\"accordion_item\",\"props\":{\"content\":\"\n\n<p>25. Oktober 2009 im Rathausfestsaal<\\\/p>\",\"title\":\"Festvortrag zum 125. Jubil\\u00e4um des Neuen Stadtmuseums Landsberg\"}},{\"type\":\"accordion_item\",\"props\":{\"content\":\"\n\n<p>23. Oktober 2009 in der<br \\\/>S\\u00e4ulenhalle Landsberg<\\\/p>\",\"title\":\"Einf\\u00fchrung zur 21. Jahresausstellung des Regionalverband bildender K\\u00fcnstler Oberbayern West\"}},{\"type\":\"accordion_item\",\"props\":{\"content\":\"\n\n<p>25. Mai 2009 im Taubenturm in Diesen<\\\/p>\",\"title\":\"Einf\\u00fchrung zur Ausstellung von Tom R\\u00fccker\"}},{\"type\":\"accordion_item\",\"props\":{\"content\":\"\n\n<p>9. Mai 2009 in der S\\u00e4ulenhalle Landsberg<\\\/p>\",\"title\":\"\\u201eDer Gr\\u00fcne Zweig\\u201c Bilder von Gotlind Timmermanns\"}},{\"type\":\"accordion_item\",\"props\":{\"content\":\"\n\n<p>1. Februar 2009 \\u00a0im Rheinischen Industriemuseum Ratingen<\\\/p>\",\"title\":\"Vom Innenleben der Tasche \\u2013 \\u201eFrauen brauchen gro\\u00dfe Handtaschen, M\\u00e4nner gen\\u00fcgen sich selbst.\\u201c\"}},{\"type\":\"accordion_item\",\"props\":{\"content\":\"\n\n<p>15. November 2008 in der Berufsschule Landsberg<\\\/p>\",\"title\":\"Zur Er\\u00f6ffnung der Jahresausstellung der K\\u00fcnstlergilde Landsberg \\u2013 Lech \\u2013 Ammersee\"}},{\"type\":\"accordion_item\",\"props\":{\"content\":\"\n\n<p>6. September 2008 Vortrag auf der Tagung \\u201eIn Bewegung \\u2013 Wie Alltag sich ver\\u00e4ndert\\u201c im Freilichtmuseum Hessenpark<\\\/p>\",\"title\":\"Neue Sinnsuche auf alten Wegen. \\u201eDer Jakobsweg\\u201c als Medienthema\"}},{\"type\":\"accordion_item\",\"props\":{\"content\":\"\n\n<p>28. September 2008 Vortrag im St\\u00e4dtischen<br \\\/>Museum G\\u00f6ttingen<\\\/p>\",\"title\":\"In der Tiefe der Tasche. Die Geheimnisse der Damenhandtasche\"}},{\"type\":\"accordion_item\",\"props\":{\"content\":\"\n\n<p>11. April 2008, Referat auf der 8. Tagung der Kommission f\\u00fcr Tourismusforschung \\u201eDinge<br \\\/>auf Reisen\\u201c in der DGV in M\\u00fcnchen<\\\/p>\",\"title\":\"Deutsche Spanienreisen \\u2013 ausgestellt\"}},{\"type\":\"accordion_item\",\"props\":{\"content\":\"\n\n<p>04. Dezember 2007 Referat im Forschungskolloquium am Zentrum f\\u00fcr Zeithistorische Forschung Potsdam<\\\/p>\",\"title\":\"Eine Fallstudie zum Konzept \\u201eHerrschaft und Eigensinn\\u201c\"}},{\"type\":\"accordion_item\",\"props\":{\"content\":\"\n\n<p>24. November 2007 zusammen mit<br \\\/>Annette H\\u00fclsenbeck im Rahmen der Tagung<br \\\/>\\u201eDas Gebot der Dinge \\u2013 Geschlechterrollen im<br \\\/>Spiegel von textilen Objekten der Alltagskultur\\u201c an der<br \\\/>Universit\\u00e4t Osnabr\\u00fcck<\\\/p>\",\"title\":\"\\u201eTaschen \\u2013 Eine Materialcollage im Duett\\u201c\"}},{\"type\":\"accordion_item\",\"props\":{\"content\":\"\n\n<p>09. November 2007 Mitwirkung beim Podiumsgespr\\u00e4ch im Rahmen des Festivals der Andalusischen K\\u00fcnste\\u201c in der Pasinger-Fabrik<\\\/p>\",\"title\":\"\\u201eWarum m\\u00f6gen Deutsche den Flamenco?\\u201c\"}},{\"type\":\"accordion_item\",\"props\":{\"content\":\"\n\n<p>Die Kuratorin Margarete Meggle-Freund im Gespr\\u00e4ch mit dem Theologen Gerhard Elwert<br \\\/>15. Juni 2007 im Museum am Markt, Karlsruhe<\\\/p>\",\"title\":\"\\u201eKunst und Religion\\u201c \\u2013 Hinter den Dingen\"}},{\"type\":\"accordion_item\",\"props\":{\"content\":\"\n\n<p>Sommersemester 2006, Friedrich-Schiller-Universit\\u00e4t, Jena<\\\/p>\",\"title\":\"Museale Sammlungsstrategien zur Gegenwartskultur Welche Dinge repr\\u00e4sentieren unsere Gegenwart?\",\"image\":\"\",\"link\":\"https:\\\/\\\/margarete.meggle-freund.de\\\/?p=797\"}},{\"type\":\"accordion_item\",\"props\":{\"content\":\"\n\n<p>in Jena FSU am 14. Juli 2005<\\\/p>\",\"title\":\"Gastvortrag in der Wohn-Vorlesung von Prof. Dr. Christel K\\u00f6hle-Hezinger\",\"link\":\"https:\\\/\\\/margarete.meggle-freund.de\\\/?page_id=1497\"}},{\"type\":\"accordion_item\",\"props\":{\"content\":\"\n\n<p>10. Juni 2005 \\u201eL\\u00e4ndlicher Chic \\u2013 aus dem<br \\\/>N\\u00e4hk\\u00e4stchen des Museums\\u201c<\\\/p>\",\"title\":\"Vortrag in der Kr\\u00e4uter-Apotheke in Bad Windsheim\"}},{\"type\":\"accordion_item\",\"props\":{\"content\":\"\n\n<p>10. Juni 2005 \\u201eL\\u00e4ndlicher Chic \\u2013 aus dem<br \\\/>N\\u00e4hk\\u00e4stchen des Museums\\u201c<\\\/p>\",\"title\":\"Vortrag in der Kr\\u00e4uter-Apotheke in Bad Windsheim\"}},{\"type\":\"accordion_item\",\"props\":{\"content\":\"\n\n<p>23. Mai 2005<\\\/p>\",\"title\":\"Ausstellungser\\u00f6ffnung \\u2013 \\u201cAbsatz, Boa und Zylinder\\u201d\",\"image\":\"wp-content\\\/uploads\\\/2007\\\/03\\\/logo.jpg\",\"link\":\"https:\\\/\\\/margarete.meggle-freund.de\\\/?page_id=1537\"}},{\"type\":\"accordion_item\",\"props\":{\"content\":\"\n\n<p>Stadtmuseum Gerlinger Heimatmuseum Sonntag, 03. April 2005<\\\/p>\",\"title\":\"Er\\u00f6ffnungsvortrag zur Ausstellung \\u201eImmer eine Tasche zur Hand\\u201c\",\"link\":\"https:\\\/\\\/margarete.meggle-freund.de\\\/?p=721\",\"image\":\"wp-content\\\/uploads\\\/2005\\\/03\\\/museum_tasche.jpg\"}},{\"type\":\"accordion_item\",\"props\":{\"content\":\"\n\n<p>26. September 2001 auf dem 33. Kongress<br \\\/>der Deutschen Gesellschaft f\\u00fcr Volkskunde in Jena \\u201eKomplexe Welt.<br \\\/>Kulturelle Ordnungssysteme als Orientierung<\\\/p>\",\"title\":\"\\u201eOrdnungen im Wohnalltag der DDR. Eine \\u201eordentliche Wohnung\\u201c und die Angst vor der Unordnung\\u201c\"}},{\"type\":\"accordion_item\",\"props\":{\"content\":\"\n\n<p>26.-29 Juli 2001, Referat und<br \\\/>Unterrichtst\\u00e4tigkeit <br \\\/>beim Kompaktseminar Bruck am Hammer\\\/Brod<br \\\/>nad Tichou und sein altes Pfarrhaus.<br \\\/>Ein deutsch-tschechisches Oral-History- und<br \\\/>Ausstellungsprojekt der Universit\\u00e4t Passau<\\\/p>\",\"title\":\"\\u201eZwischen Ost und West. Feldforschungen zum Wohnen in der DDR.\\u201c\"}},{\"type\":\"accordion_item\",\"props\":{\"content\":\"\n\n<p>29. September 2000 im Akademiker Zentrum, M\\u00fcnchen<\\\/p>\",\"title\":\"Vernissage der Ausstellung \\u201eRuhe und Bewegung. Fotografische Arbeiten von Alexander Kirnberger\\u201c\"}},{\"type\":\"accordion_item\",\"props\":{\"content\":\"\n\n<p>16. Januar 1997 bei der Live-Sendung \\u201eHallo \\u00dc-Wagen\\u201c des Westdeutschen Rundfunks in Dortmund<\\\/p>\",\"title\":\"Mitwirkung am Podium \\u201eVon Form und Inhalt \\u2013 Handtaschen\\u201c\"}},{\"type\":\"accordion_item\",\"props\":{\"content\":\"\n\n<p>28.September 1995 Referat auf dem 30.<br \\\/>Kongress der Deutschen Gesellschaft f\\u00fcr Volkskunde in<br \\\/>Karlsruhe\\u00a0\\u201eSymbole. Zur Bedeutung der Zeichen in<br \\\/>der Kultur\\u201c<\\\/p>\",\"title\":\"In der Tiefe der Tasche. Zeichenhaftigkeit im allt\\u00e4glichen Umgang mit den Dingen\"}}],\"name\":\"Vortr\\u00e4ge\"}]}]},{\"type\":\"row\",\"children\":[{\"type\":\"column\",\"props\":{\"image_position\":\"center-center\",\"media_overlay_gradient\":\"\"},\"children\":[{\"type\":\"headline\",\"props\":{\"title_element\":\"h1\",\"content\":\"F\\u00fchrungen\"}},{\"type\":\"accordion\",\"props\":{\"show_image\":true,\"show_link\":true,\"collapsible\":true,\"content_column_breakpoint\":\"m\",\"image_svg_color\":\"emphasis\",\"image_align\":\"left\",\"image_grid_width\":\"auto\",\"image_grid_breakpoint\":\"m\",\"link_text\":\"Mehr...\",\"link_style\":\"default\",\"content_style\":\"lead\",\"content_column\":\"\",\"image_height\":\"200\"},\"children\":[{\"type\":\"accordion_item\",\"props\":{\"content\":\"\n\n<p>12. Mai 2013, Museum Wald und Umwelt Ebersberg<\\\/p>\",\"title\":\"Themenf\\u00fchrung \\u201eInternationale Plakatkunst zu Natur und Umwelt\\u201c\"}},{\"type\":\"accordion_item\",\"props\":{\"content\":\"\n\n<p>20. Mai 2012, Museum Wald und Umwelt Ebersberg<\\\/p>\",\"title\":\"Themenf\\u00fchrung \\u201eDie aktuelle Mode der Nachhaltigkeit \\u2013 Ein altes Konzept der Forstwirtschaft\\u201c\"}},{\"type\":\"accordion_item\",\"props\":{\"content\":\"\n\n<p>20. Mai 2012, Museum Wald und Umwelt Ebersberg<\\\/p>\",\"title\":\"Themenf\\u00fchrung \\u201eIst das Zukunftsm\\u00e4rchen wahr geworden? 50 Jahre \\u201aSilent Spring\\u2018. Zur Geschichte der gr\\u00fcnen Bewegung\\u201c\"}},{\"type\":\"accordion_item\",\"props\":{\"content\":\"\n\n<p>11. Juni und 9. Juli 2006, Badisches Landesmuseum<\\\/p>\",\"title\":\"Themenf\\u00fchrung \\u201eSport durch die Jahrtausende\\u201c\",\"image\":\"\",\"link\":\"https:\\\/\\\/margarete.meggle-freund.de\\\/?p=776\"}},{\"type\":\"accordion_item\",\"props\":{\"content\":\"\n\n<p>28. April 2006, Badisches Landesmuseum<\\\/p>\",\"title\":\"Themenf\\u00fchrung \\u201eK\\u00f6rper, Kampf und Kult \\u2013 Das Jahrhundert des Sports\\u201c\",\"link\":\"https:\\\/\\\/margarete.meggle-freund.de\\\/?p=775\"}},{\"type\":\"accordion_item\",\"props\":{\"content\":\"\n\n<p>Montag, 22 August 2005 \\u2013 Bad Windsheim<\\\/p>\",\"title\":\"Kost\\u00fcmf\\u00fchrung durch die Ausstellung \\u201eAbsatz, Boa und Zylinder\\u201c\",\"link\":\"https:\\\/\\\/margarete.meggle-freund.de\\\/?p=773\"}}],\"name\":\"Vortr\\u00e4ge\"}]}]},{\"type\":\"row\",\"children\":[{\"type\":\"column\",\"props\":{\"image_position\":\"center-center\",\"media_overlay_gradient\":\"\"},\"children\":[]}]}]}],\"version\":\"2.3.29\"} --><\/p>\n","protected":false},"excerpt":{"rendered":"<p>Vortr\u00e4ge Ebersberger Bl\u00fcten \u2013 Installationen von Daniel Br\u00e4g Museum Wald und Umwelt Ebersberg, 28. Juni 2013 Mehr&#8230; Visiontrees \u2013 Zauberkabinette der Natur Mehr&#8230; Romantische Landschaften. Grafiken von Johann Georg von Dillis und Zeitgenossen Ausstellung im Neuen Stadtmuseum Landsberg Lech, 11. Juli 2010 \u00a0 Mehr&#8230; \u201eDas Gr\u00fcne Leuchten\u201c. Bilder von Gotlind Timmermanns 12. November 2009, Ausstellungser\u00f6ffnung [&hellip;]<\/p>\n","protected":false},"author":1,"featured_media":0,"parent":0,"menu_order":0,"comment_status":"closed","ping_status":"open","template":"","meta":{"footnotes":""},"class_list":["post-907","page","type-page","status-publish","hentry"],"_links":{"self":[{"href":"https:\/\/margarete.meggle-freund.de\/index.php?rest_route=\/wp\/v2\/pages\/907","targetHints":{"allow":["GET"]}}],"collection":[{"href":"https:\/\/margarete.meggle-freund.de\/index.php?rest_route=\/wp\/v2\/pages"}],"about":[{"href":"https:\/\/margarete.meggle-freund.de\/index.php?rest_route=\/wp\/v2\/types\/page"}],"author":[{"embeddable":true,"href":"https:\/\/margarete.meggle-freund.de\/index.php?rest_route=\/wp\/v2\/users\/1"}],"replies":[{"embeddable":true,"href":"https:\/\/margarete.meggle-freund.de\/index.php?rest_route=%2Fwp%2Fv2%2Fcomments&post=907"}],"version-history":[{"count":53,"href":"https:\/\/margarete.meggle-freund.de\/index.php?rest_route=\/wp\/v2\/pages\/907\/revisions"}],"predecessor-version":[{"id":2056,"href":"https:\/\/margarete.meggle-freund.de\/index.php?rest_route=\/wp\/v2\/pages\/907\/revisions\/2056"}],"wp:attachment":[{"href":"https:\/\/margarete.meggle-freund.de\/index.php?rest_route=%2Fwp%2Fv2%2Fmedia&parent=907"}],"curies":[{"name":"wp","href":"https:\/\/api.w.org\/{rel}","templated":true}]}}