{"id":727,"date":"2005-04-11T07:22:34","date_gmt":"2005-04-11T07:22:34","guid":{"rendered":"http:\/\/h2214820.stratoserver.net\/?page_id=727"},"modified":"2021-01-30T14:24:22","modified_gmt":"2021-01-30T14:24:22","slug":"uber-mich","status":"publish","type":"page","link":"https:\/\/margarete.meggle-freund.de\/?page_id=727","title":{"rendered":"\u00dcber mich"},"content":{"rendered":"<div>\n\n<div class=\"uk-position-relative uk-visible-toggle \" uk-slider=\"autoplay-interval: 3000\">\n\n    <ul class=\"uk-slider-items uk-grid uk-grid-match uk-child-width-1-3 uk-child-width-1-3@l uk-child-width-1-3@xl uk-grid-collapse\" >\n    \n        <li>\n\n            <div class=\"uk-panel uk-inline-clip uk-transition-toggle uk-background-cover\" style=\"height: 200px;background-image: url('\/wp-content\/uploads\/2014\/01\/SD-8769-036.jpg');\">\n\n                \n                \n                <div class=\"uk-overlay uk-position-cover uk-transition-fade uk-flex uk-flex-center uk-flex-middle uk-text-center uk-light\">\n                    <div>\n\n                        \n                        \n                        \n                    <\/div>\n                <\/div>\n\n                \n            <\/div>\n\n        <\/li>\n\n    \n        <li>\n\n            <div class=\"uk-panel uk-inline-clip uk-transition-toggle uk-background-cover\" style=\"height: 200px;background-image: url('\/wp-content\/uploads\/2005\/04\/DSC_2071.jpg');\">\n\n                \n                \n                <div class=\"uk-overlay uk-position-cover uk-transition-fade uk-flex uk-flex-center uk-flex-middle uk-text-center uk-light\">\n                    <div>\n\n                        \n                        \n                        \n                    <\/div>\n                <\/div>\n\n                \n            <\/div>\n\n        <\/li>\n\n    \n        <li>\n\n            <div class=\"uk-panel uk-inline-clip uk-transition-toggle uk-background-cover\" style=\"height: 200px;background-image: url('\/wp-content\/uploads\/2014\/01\/margarete-meggle-freund.jpg');\">\n\n                \n                \n                <div class=\"uk-overlay uk-position-cover uk-transition-fade uk-flex uk-flex-center uk-flex-middle uk-text-center uk-light\">\n                    <div>\n\n                        \n                        \n                        \n                    <\/div>\n                <\/div>\n\n                \n            <\/div>\n\n        <\/li>\n\n        <\/ul>\n\n    \n<\/div>\n\n<p>\u00a0<\/p>\n<p>Stationen:<\/p>\n<ul>\n<li>Wissenschaftliche Mitarbeiterin am Fr\u00e4nkischen Freilandmuseum Bad Windsheim<\/li>\n<li>Leiterin Museum Wald und Umwelt Ebersberg mit Umweltstation Ebersberger Forst<\/li>\n<li>Leiterin Stadtmuseum Landsberg am Lech<\/li>\n<li>Badisches Landesmuseum Karlsruhe<\/li>\n<li>Fr\u00e4nkisches Freilandmuseum Bad Windsheim<\/li>\n<li>Bayerisches Landesamt f\u00fcr Denkmalpflege<\/li>\n<li>Landesstelle f\u00fcr die nichtstaatlichen Museen M\u00fcnchen<\/li>\n<\/ul>\n<p>\u00a0<\/p>\n<p>Als promovierte Kulturwissenschaftlerin \/ Volkskundlerin und Kunsthistorikerin biete ich an:<\/p>\n<ul>\n<li>kulturwissenschaftliche Beratung,<\/li>\n<li>Kuratorent\u00e4tigkeiten,<\/li>\n<li>Konzipierung und Koordination von Ausstellungen,<\/li>\n<li>Verfassen von Fachtexten,<\/li>\n<li>Durchf\u00fchrung von Fachrecherchen,<\/li>\n<li>Sammlungsmanagement.<\/li>\n<\/ul>\n<p>Gerne unterst\u00fctze ich Sie bei der Durchf\u00fchrung Ihrer<\/p>\n<ul>\n<li>\u00d6ffentlichkeitsarbeit,<\/li>\n<li>Veranstaltungen und<\/li>\n<li>Umfragen \/ Oral History.<\/li>\n<\/ul>\n<\/div>\n","protected":false},"excerpt":{"rendered":"<p>\u00a0 Stationen: Wissenschaftliche Mitarbeiterin am Fr\u00e4nkischen Freilandmuseum Bad Windsheim Leiterin Museum Wald und Umwelt Ebersberg mit Umweltstation Ebersberger Forst Leiterin Stadtmuseum Landsberg am Lech Badisches Landesmuseum Karlsruhe Fr\u00e4nkisches Freilandmuseum Bad Windsheim Bayerisches Landesamt f\u00fcr Denkmalpflege Landesstelle f\u00fcr die nichtstaatlichen Museen M\u00fcnchen \u00a0 Als promovierte Kulturwissenschaftlerin \/ Volkskundlerin und Kunsthistorikerin biete ich an: kulturwissenschaftliche Beratung, Kuratorent\u00e4tigkeiten, [&hellip;]<\/p>\n","protected":false},"author":1,"featured_media":0,"parent":0,"menu_order":1,"comment_status":"closed","ping_status":"open","template":"","meta":{"footnotes":""},"class_list":["post-727","page","type-page","status-publish","hentry"],"_links":{"self":[{"href":"https:\/\/margarete.meggle-freund.de\/index.php?rest_route=\/wp\/v2\/pages\/727","targetHints":{"allow":["GET"]}}],"collection":[{"href":"https:\/\/margarete.meggle-freund.de\/index.php?rest_route=\/wp\/v2\/pages"}],"about":[{"href":"https:\/\/margarete.meggle-freund.de\/index.php?rest_route=\/wp\/v2\/types\/page"}],"author":[{"embeddable":true,"href":"https:\/\/margarete.meggle-freund.de\/index.php?rest_route=\/wp\/v2\/users\/1"}],"replies":[{"embeddable":true,"href":"https:\/\/margarete.meggle-freund.de\/index.php?rest_route=%2Fwp%2Fv2%2Fcomments&post=727"}],"version-history":[{"count":16,"href":"https:\/\/margarete.meggle-freund.de\/index.php?rest_route=\/wp\/v2\/pages\/727\/revisions"}],"predecessor-version":[{"id":2020,"href":"https:\/\/margarete.meggle-freund.de\/index.php?rest_route=\/wp\/v2\/pages\/727\/revisions\/2020"}],"wp:attachment":[{"href":"https:\/\/margarete.meggle-freund.de\/index.php?rest_route=%2Fwp%2Fv2%2Fmedia&parent=727"}],"curies":[{"name":"wp","href":"https:\/\/api.w.org\/{rel}","templated":true}]}}