{"id":2603,"date":"2021-08-24T07:41:44","date_gmt":"2021-08-24T07:41:44","guid":{"rendered":"https:\/\/margarete.meggle-freund.de\/?page_id=2603"},"modified":"2021-08-24T07:41:44","modified_gmt":"2021-08-24T07:41:44","slug":"datenschutzerklaerung","status":"publish","type":"page","link":"https:\/\/margarete.meggle-freund.de\/?page_id=2603","title":{"rendered":"Datenschutzerkl\u00e4rung"},"content":{"rendered":"\n<p><strong>Erhebung und Verarbeitung personenbezogener Daten<\/strong><\/p>\n\n\n\n<p>Sie k\u00f6nnen diese Webseite nutzen, ohne uns personenbezogene Daten mitzuteilen. Der Browser des Webbesuchers teilt standardm\u00e4\u00dfig unserem Webserver einige allgemeine Informationen (z.B. den Browsertyp, das verwendete Betriebssystem, IP-Adresse) mit. Diese anonymen Daten werden lediglich zur Optimierung der Darstellung zwischengespeichert und danach gel\u00f6scht.<\/p>\n\n\n\n<p>Personenbezogene Daten (z.B. Name, Anschrift) werden nur erhoben, wenn Sie uns diese freiwillig (z.B. bei einer Anfrage per Email oder Telefon) mitteilen. Alle von Webbesuchern mitgeteilten pers\u00f6nlichen Daten werden vertraulich behandelt und gespeichert.<\/p>\n\n\n\n<p><strong>Nutzung und Weitergabe personenbezogener Date<\/strong><\/p>\n\n\n\n<p>Die im Rahmen dieser Webseite erhobenen personenbezogenen Daten werden ohne Ihre Einwilligung nur zur Bearbeitung Ihrer Anfragen genutzt.<\/p>\n\n\n\n<p><strong>Cookies<\/strong><\/p>\n\n\n\n<p>Dieses Website-System verwendet keine Session-Cookies und keine Tracking-Cookies. Pers\u00f6nliche Daten werden nicht erhoben.<\/p>\n\n\n\n<p>Sie k\u00f6nnen Ihren Browser dazu veranlassen, gar keine Cookies zu akzeptieren, oder diese Website davon ausschlie\u00dfen, Ihnen Cookies schicken zu d\u00fcrfen. Auch k\u00f6nnen Sie einzelne oder alle bereits gespeicherten Cookies l\u00f6schen. Diese Option findet sich unter den Einstellungen Ihres Browsers.<\/p>\n","protected":false},"excerpt":{"rendered":"<p>Erhebung und Verarbeitung personenbezogener Daten Sie k\u00f6nnen diese Webseite nutzen, ohne uns personenbezogene Daten mitzuteilen. Der Browser des Webbesuchers teilt standardm\u00e4\u00dfig unserem Webserver einige allgemeine Informationen (z.B. den Browsertyp, das verwendete Betriebssystem, IP-Adresse) mit. Diese anonymen Daten werden lediglich zur Optimierung der Darstellung zwischengespeichert und danach gel\u00f6scht. Personenbezogene Daten (z.B. Name, Anschrift) werden nur erhoben, [&hellip;]<\/p>\n","protected":false},"author":1,"featured_media":0,"parent":0,"menu_order":0,"comment_status":"closed","ping_status":"closed","template":"","meta":{"footnotes":""},"class_list":["post-2603","page","type-page","status-publish","hentry"],"_links":{"self":[{"href":"https:\/\/margarete.meggle-freund.de\/index.php?rest_route=\/wp\/v2\/pages\/2603","targetHints":{"allow":["GET"]}}],"collection":[{"href":"https:\/\/margarete.meggle-freund.de\/index.php?rest_route=\/wp\/v2\/pages"}],"about":[{"href":"https:\/\/margarete.meggle-freund.de\/index.php?rest_route=\/wp\/v2\/types\/page"}],"author":[{"embeddable":true,"href":"https:\/\/margarete.meggle-freund.de\/index.php?rest_route=\/wp\/v2\/users\/1"}],"replies":[{"embeddable":true,"href":"https:\/\/margarete.meggle-freund.de\/index.php?rest_route=%2Fwp%2Fv2%2Fcomments&post=2603"}],"version-history":[{"count":1,"href":"https:\/\/margarete.meggle-freund.de\/index.php?rest_route=\/wp\/v2\/pages\/2603\/revisions"}],"predecessor-version":[{"id":2604,"href":"https:\/\/margarete.meggle-freund.de\/index.php?rest_route=\/wp\/v2\/pages\/2603\/revisions\/2604"}],"wp:attachment":[{"href":"https:\/\/margarete.meggle-freund.de\/index.php?rest_route=%2Fwp%2Fv2%2Fmedia&parent=2603"}],"curies":[{"name":"wp","href":"https:\/\/api.w.org\/{rel}","templated":true}]}}