{"id":1950,"date":"2021-01-28T22:25:07","date_gmt":"2021-01-28T22:25:07","guid":{"rendered":"http:\/\/margarete.meggle-freund.de\/?page_id=1950"},"modified":"2023-06-08T21:00:37","modified_gmt":"2023-06-08T21:00:37","slug":"kulinarik-2","status":"publish","type":"page","link":"https:\/\/margarete.meggle-freund.de\/?page_id=1950","title":{"rendered":"Kulinarik"},"content":{"rendered":"<p><img decoding=\"async\" src=\"\/wp-content\/uploads\/2021\/02\/csm_FFM_Brote__Foto_Margarete_Meggle-Freund-2_ddfd0c061f.jpg\" alt=\"\"><\/p>\n<h1>Kulinarik<\/h1>\n<div>\n<p>In meiner Kulinarikserie f\u00fcr das Fr\u00e4nkische Freilandmuseum Bad Windsheim finden sich alte und erneuerte Rezepte mit Zutaten aus Franken, einfach und allt\u00e4glich, oder auch einmal aufwendigere, kreative Rezepte mit kulturhistorischem Hintergrund.<\/p>\n<p>Rezepte zur Zubereitung der Nahrungsmittel sind aufgeschriebene Familien- und Kulturgeschichte. F\u00fcr viele Menschen ist Heimat, als das Gef\u00fchl des Beheimatet- und Vertrautsein, auch auf der Zunge zu schmecken. Traditionen sind jedoch nur dann lebendig, wenn sie sich stetig erneuern.<\/p>\n<p>Die Geb\u00e4ude des Fr\u00e4nkischen Freilandmuseum Bad Windsheim sind eingebettet in eine vorindustrielle Kulturlandschaft und laden ein zur Entdeckungsreise in die Vergangenheit. Die Geb\u00e4ude und auch die Landschaft vermitteln, wie die l\u00e4ndliche Bev\u00f6lkerung in Franken fr\u00fcher gebaut, gewohnt und gearbeitet hat. Im Fr\u00e4nkischen Freilandmuseum gibt es Garten- und Ackerpflanzen aus Franken zu sehen. Auch alte und gef\u00e4hrdete Haus- und Nutztierrassen werden dort gehalten. Damit ist das Museum ein Ort, an dem man sich der elementaren Umst\u00e4nde unseres Lebens vergewissern kann: Woher kommen unsere Lebensmittel? Wie werden traditionell unsere Grundnahrungsmittel wie Brot, Butter oder W\u00fcrste hergestellt und verarbeitet.<\/p>\n<p>Kulinarik meint so gleicherma\u00dfen den Wohlgeschmack und die Kulturgeschichte der Speisen.<\/p>\n<\/div>\n<ul>\n<li>\n<p>        <img decoding=\"async\" src=\"\/wp-content\/uploads\/2023\/06\/Gugelhupf-und-Gugelhupfbackformen-Foto-Margarete-Meggle-Freund-6877kl.jpg\" alt=\"\"><\/p>\n<h3>Gugelhupf<\/h3>\n<div>\n<p>Gugelhupf \u2013 Ann\u00e4herung an ein barockes Kuchenrezept<\/p>\n<\/div>\n<p><a href=\"https:\/\/margarete.meggle-freund.de\/?p=2610\"><\/a><\/p>\n<\/li>\n<li>\n<p>        <img decoding=\"async\" src=\"\/wp-content\/uploads\/2021\/05\/csm_Waldmeisterbowle__Foto_Margarete_Meggle-Freund-2873_969fb61e9b.jpg\" alt=\"\"><\/p>\n<h3>Waldmeisterbowle<\/h3>\n<div>\n<p>Waldmeisterbowle &#8211;\u00a0Soloauftritt f\u00fcr ein seltenes Gew\u00fcrzkraut<\/p>\n<\/div>\n<p><a href=\"https:\/\/margarete.meggle-freund.de\/?p=2538\"><\/a><\/p>\n<\/li>\n<li>\n<p>        <img decoding=\"async\" src=\"\/wp-content\/uploads\/2021\/05\/csm_Eierbier__Foto_Margarete_Meggle-Freund_kl_40f69a481c.jpg\" alt=\"\"><\/p>\n<h3>Eierbier<\/h3>\n<div>\n<p>Eierbier \u2013 Fastenspeise, Flip und Festtagstrank<\/p>\n<\/div>\n<p><a href=\"https:\/\/margarete.meggle-freund.de\/?p=2561\"><\/a><\/p>\n<\/li>\n<li>\n<p>        <img decoding=\"async\" src=\"\/wp-content\/uploads\/2021\/01\/csm_Bratwuerste_mit_AEpfeln_und_Zwiebeln__Foto_Margarete_Meggle-Freund-05630_76bdc81516.jpg\" alt=\"\"><\/p>\n<h3>Bratwurstpfanne<\/h3>\n<div>Bratwurstpfanne mit Apfel und Zwiebel &#8211; Im Freilandmuseum geht`s um die Wurst.<\/div>\n<p><a href=\"https:\/\/margarete.meggle-freund.de\/?p=2459\"><\/a><\/p>\n<\/li>\n<li>\n<p>        <img decoding=\"async\" src=\"\/wp-content\/uploads\/2021\/01\/csm_Zimtbrezlein__Foto_Margarete_Meggle-Freund-4762_d59aa4b0dd.jpg\" alt=\"\"><\/p>\n<h3>Weihnachtsbrezlein<\/h3>\n<div>Weihnachtsbrezlein &#8211; Brezen als Handwerkszeichen und Stolz h\u00e4uslicher Zuckerb\u00e4ckerei<\/div>\n<p><a href=\"https:\/\/margarete.meggle-freund.de\/?p=1858\"><\/a><\/p>\n<\/li>\n<li>\n<p>        <img decoding=\"async\" src=\"\/wp-content\/uploads\/2021\/01\/csm_Zwetschgenkuchen__Foto_Margarete_Meggle-Freund-4382_kl_b1525af6db.jpg\" alt=\"\"><\/p>\n<h3>Zwetschgenkuchen<\/h3>\n<div>Zwetschgenkuchen &#8211; Fr\u00e4nkische Hauszwetschgen<\/div>\n<p><a href=\"https:\/\/margarete.meggle-freund.de\/?p=2132\"><\/a><\/p>\n<\/li>\n<li>\n<p>        <img decoding=\"async\" src=\"\/wp-content\/uploads\/2021\/01\/csm_Haferflockenkuechle__Foto_Margarete_Meggle-Freund_2540_20e373d9a7.jpg\" alt=\"\"><\/p>\n<h3>Haferflockenk\u00fcchle<\/h3>\n<div>Haferflockenk\u00fcchle &#8211; Reformkost aus der hygienischen K\u00fcche<\/div>\n<p><a href=\"https:\/\/margarete.meggle-freund.de\/?p=2377\"><\/a><\/p>\n<\/li>\n<li>\n<p>        <img decoding=\"async\" src=\"\/wp-content\/uploads\/2021\/01\/csm_Streuobst-Crumble__Foto_Margarete_Meggle-Freund_4318_ad8e5645c0.jpg\" alt=\"\"><\/p>\n<h3>Streuobst-Crumble<\/h3>\n<div>Streuobst-Crumble &#8211; Eine kleine Apfelmeditation<\/div>\n<p><a href=\"https:\/\/margarete.meggle-freund.de\/?p=2391\"><\/a><\/p>\n<\/li>\n<li>\n<p>        <img decoding=\"async\" src=\"\/wp-content\/uploads\/2021\/01\/csm_Lustiger_Kapuziner__Foto_Margarete_Meggle-Freund-2906_b0f4de41fd.jpg\" alt=\"\"><\/p>\n<h3>Lustige Kapuziner<\/h3>\n<div>Lustige Kapuziner &#8211; Im Freilandmuseum, wo der Bartel den Most holt<\/div>\n<p><a href=\"https:\/\/margarete.meggle-freund.de\/?p=2411\"><\/a><\/p>\n<\/li>\n<li>\n<p>        <img decoding=\"async\" src=\"\/wp-content\/uploads\/2021\/01\/csm_Feigen-Apfel-Schnee__Foto_Margarete_Meggle-Freund_Fraenkisches_Freilandmuseum__gkl_7bf9647675.jpg\" alt=\"\"><\/p>\n<h3>Feigen-Apfel-Schnee<\/h3>\n<div>Feigen-Apfel-Schnee mit Buchweizen &#8211; Die \u00d6kobewegung entdeckt eine alte Kulturpflanze neu.<\/div>\n<p><a href=\"https:\/\/margarete.meggle-freund.de\/?p=2425\"><\/a><\/p>\n<\/li>\n<li>\n<p>        <img decoding=\"async\" src=\"\/wp-content\/uploads\/2021\/01\/csm_Kalter_Hund__Foto_Margarete_Meggle-Freund_Fraenkisches_Freilandmuseum_29d4dbba6d.jpg\" alt=\"\"><\/p>\n<h3>Kalter Hund<\/h3>\n<div>Kalter Hund &#8211; Exotische \u00dcppigkeit im Wirtschaftswunder<\/div>\n<p><a href=\"https:\/\/margarete.meggle-freund.de\/?p=2436\"><\/a><\/p>\n<\/li>\n<li>\n<p>        <img decoding=\"async\" src=\"\/wp-content\/uploads\/2021\/01\/csm_Pflanzengefaerbte_Eier_Apostelteller_kl__Foto_Georg_Meggle_bad5b229f1.jpg\" alt=\"\"><\/p>\n<h3>Bl\u00e4ttlaseier<\/h3>\n<div>Bl\u00e4ttlaseier &#8211; Ostereier-F\u00e4rben mit Naturfarben \u2013 eine Freilichtmuseumstradition<\/div>\n<p><a href=\"https:\/\/margarete.meggle-freund.de\/?p=2346\"><\/a><\/p>\n<\/li>\n<li>\n<p>        <img decoding=\"async\" src=\"\/wp-content\/uploads\/2021\/01\/csm_Salbeispaghetti__Foto_Margarete_Meggle-Freund_Fraenkisches_Freilandmuseum_932c944087.jpg\" alt=\"\"><\/p>\n<h3>Salbeispaghetti<\/h3>\n<div>Salbeispaghetti &#8211; Fr\u00e4nkischer Kr\u00e4uteranbau<\/div>\n<p><a href=\"https:\/\/margarete.meggle-freund.de\/?p=2332\"><\/a><\/p>\n<\/li>\n<\/ul>\n<p><a href=\"https:\/\/freilandmuseum.de\"><img decoding=\"async\" src=\"\/wp-content\/uploads\/2021\/02\/freilandmuseum_badwindsheim_signet_RGB_gross-1.jpg\" alt=\"\"><\/a><\/p>\n<div>\n<p>In meiner<a href=\"https:\/\/margarete.meggle-freund.de\/?page_id=1950\"> Kulinarikserie<\/a> des<a href=\"https:\/\/freilandmuseum.de\/\"> Fr\u00e4nkischen\u00a0 Freilandmuseum Bad Windsheim<\/a>\u00a0finden sich alte und erneuerte Rezepte mit Zutaten aus Franken, einfach und allt\u00e4glich, oder auch einmal aufwendigere, kreative Rezepte mit kulturhistorischem Hintergrund.<\/p>\n<\/div>\n<p><!-- {\"type\":\"layout\",\"children\":[{\"type\":\"section\",\"props\":{\"style\":\"default\",\"width\":\"default\",\"vertical_align\":\"middle\",\"title_position\":\"top-left\",\"title_rotation\":\"left\",\"title_breakpoint\":\"xl\",\"image_position\":\"center-center\"},\"children\":[{\"type\":\"row\",\"children\":[{\"type\":\"column\",\"props\":{\"image_position\":\"center-center\",\"media_overlay_gradient\":\"\"},\"children\":[{\"type\":\"image\",\"props\":{\"margin\":\"default\",\"image_svg_color\":\"emphasis\",\"image\":\"wp-content\\\/uploads\\\/2021\\\/02\\\/csm_FFM_Brote__Foto_Margarete_Meggle-Freund-2_ddfd0c061f.jpg\"}},{\"type\":\"headline\",\"props\":{\"title_element\":\"h1\",\"content\":\"Kulinarik\"}}]}]},{\"type\":\"row\",\"children\":[{\"type\":\"column\",\"props\":{\"image_position\":\"center-center\",\"media_overlay_gradient\":\"\",\"width_medium\":\"\"},\"children\":[{\"type\":\"text\",\"props\":{\"margin\":\"small\",\"column_breakpoint\":\"m\",\"content\":\"\n\n<p>In meiner Kulinarikserie f\\u00fcr das Fr\\u00e4nkische Freilandmuseum Bad Windsheim finden sich alte und erneuerte Rezepte mit Zutaten aus Franken, einfach und allt\\u00e4glich, oder auch einmal aufwendigere, kreative Rezepte mit kulturhistorischem Hintergrund.<\\\/p>\\n\n\n<p>Rezepte zur Zubereitung der Nahrungsmittel sind aufgeschriebene Familien- und Kulturgeschichte. F\\u00fcr viele Menschen ist Heimat, als das Gef\\u00fchl des Beheimatet- und Vertrautsein, auch auf der Zunge zu schmecken. Traditionen sind jedoch nur dann lebendig, wenn sie sich stetig erneuern.<\\\/p>\\n\n\n<p>Die Geb\\u00e4ude des Fr\\u00e4nkischen Freilandmuseum Bad Windsheim sind eingebettet in eine vorindustrielle Kulturlandschaft und laden ein zur Entdeckungsreise in die Vergangenheit. Die Geb\\u00e4ude und auch die Landschaft vermitteln, wie die l\\u00e4ndliche Bev\\u00f6lkerung in Franken fr\\u00fcher gebaut, gewohnt und gearbeitet hat. Im Fr\\u00e4nkischen Freilandmuseum gibt es Garten- und Ackerpflanzen aus Franken zu sehen. Auch alte und gef\\u00e4hrdete Haus- und Nutztierrassen werden dort gehalten. Damit ist das Museum ein Ort, an dem man sich der elementaren Umst\\u00e4nde unseres Lebens vergewissern kann: Woher kommen unsere Lebensmittel? Wie werden traditionell unsere Grundnahrungsmittel wie Brot, Butter oder W\\u00fcrste hergestellt und verarbeitet.<\\\/p>\\n\n\n<p>Kulinarik meint so gleicherma\\u00dfen den Wohlgeschmack und die Kulturgeschichte der Speisen.<\\\/p>\",\"column\":\"1-2\"}}]}]},{\"type\":\"row\",\"children\":[{\"type\":\"column\",\"props\":{\"image_position\":\"center-center\",\"media_overlay_gradient\":\"\"},\"children\":[{\"type\":\"grid\",\"props\":{\"show_title\":false,\"show_meta\":false,\"show_content\":true,\"show_image\":true,\"show_link\":true,\"grid_default\":\"1\",\"grid_medium\":\"3\",\"filter_style\":\"tab\",\"filter_all\":true,\"filter_position\":\"top\",\"filter_align\":\"left\",\"filter_grid_width\":\"auto\",\"filter_grid_breakpoint\":\"m\",\"title_hover_style\":\"reset\",\"title_element\":\"h3\",\"title_align\":\"top\",\"title_grid_width\":\"1-2\",\"title_grid_breakpoint\":\"m\",\"meta_style\":\"meta\",\"meta_align\":\"below-title\",\"meta_element\":\"div\",\"content_column_breakpoint\":\"m\",\"icon_width\":80,\"image_align\":\"top\",\"image_grid_width\":\"1-2\",\"image_grid_breakpoint\":\"m\",\"image_svg_color\":\"emphasis\",\"link_text\":\"\",\"link_style\":\"default\",\"margin\":\"default\",\"item_animation\":\"scale-up\",\"panel_style\":\"card-default\",\"grid_large\":\"4\",\"grid_xlarge\":\"4\",\"text_align\":\"center\",\"grid_column_gap\":\"medium\",\"grid_row_gap\":\"medium\",\"grid_parallax\":\"0\",\"filter\":false,\"panel_link\":true,\"panel_size\":\"small\",\"image_transition\":\"scale-up\"},\"children\":[{\"type\":\"grid_item\",\"props\":{\"title\":\"Gugelhupf\",\"image\":\"wp-content\\\/uploads\\\/2023\\\/06\\\/Gugelhupf-und-Gugelhupfbackformen-Foto-Margarete-Meggle-Freund-6877kl.jpg\",\"content\":\"\n\n<p>Gugelhupf \\u2013 Ann\\u00e4herung an ein barockes Kuchenrezept<\\\/p>\",\"link\":\"https:\\\/\\\/margarete.meggle-freund.de\\\/?p=2610\"}},{\"type\":\"grid_item\",\"props\":{\"title\":\"Waldmeisterbowle\",\"image\":\"wp-content\\\/uploads\\\/2021\\\/05\\\/csm_Waldmeisterbowle__Foto_Margarete_Meggle-Freund-2873_969fb61e9b.jpg\",\"content\":\"\n\n<p>Waldmeisterbowle -\\u00a0Soloauftritt f\\u00fcr ein seltenes Gew\\u00fcrzkraut<\\\/p>\",\"link\":\"https:\\\/\\\/margarete.meggle-freund.de\\\/?p=2538\"}},{\"type\":\"grid_item\",\"props\":{\"title\":\"Eierbier\",\"image\":\"wp-content\\\/uploads\\\/2021\\\/05\\\/csm_Eierbier__Foto_Margarete_Meggle-Freund_kl_40f69a481c.jpg\",\"content\":\"\n\n<p>Eierbier \\u2013 Fastenspeise, Flip und Festtagstrank<\\\/p>\",\"link\":\"https:\\\/\\\/margarete.meggle-freund.de\\\/?p=2561\"}},{\"type\":\"grid_item\",\"props\":{\"title\":\"Bratwurstpfanne\",\"image\":\"wp-content\\\/uploads\\\/2021\\\/01\\\/csm_Bratwuerste_mit_AEpfeln_und_Zwiebeln__Foto_Margarete_Meggle-Freund-05630_76bdc81516.jpg\",\"content\":\"Bratwurstpfanne mit Apfel und Zwiebel - Im Freilandmuseum geht`s um die Wurst.\",\"link\":\"https:\\\/\\\/margarete.meggle-freund.de\\\/?p=2459\"}},{\"type\":\"grid_item\",\"props\":{\"title\":\"Weihnachtsbrezlein\",\"image\":\"wp-content\\\/uploads\\\/2021\\\/01\\\/csm_Zimtbrezlein__Foto_Margarete_Meggle-Freund-4762_d59aa4b0dd.jpg\",\"content\":\"Weihnachtsbrezlein - Brezen als Handwerkszeichen und Stolz h\\u00e4uslicher Zuckerb\\u00e4ckerei\",\"link\":\"https:\\\/\\\/margarete.meggle-freund.de\\\/?p=1858\"}},{\"type\":\"grid_item\",\"props\":{\"title\":\"Zwetschgenkuchen\",\"image\":\"wp-content\\\/uploads\\\/2021\\\/01\\\/csm_Zwetschgenkuchen__Foto_Margarete_Meggle-Freund-4382_kl_b1525af6db.jpg\",\"content\":\"Zwetschgenkuchen - Fr\\u00e4nkische Hauszwetschgen\",\"link\":\"https:\\\/\\\/margarete.meggle-freund.de\\\/?p=2132\"}},{\"type\":\"grid_item\",\"props\":{\"title\":\"Haferflockenk\\u00fcchle\",\"image\":\"wp-content\\\/uploads\\\/2021\\\/01\\\/csm_Haferflockenkuechle__Foto_Margarete_Meggle-Freund_2540_20e373d9a7.jpg\",\"content\":\"Haferflockenk\\u00fcchle - Reformkost aus der hygienischen K\\u00fcche\",\"link\":\"https:\\\/\\\/margarete.meggle-freund.de\\\/?p=2377\"}},{\"type\":\"grid_item\",\"props\":{\"title\":\"Streuobst-Crumble\",\"image\":\"wp-content\\\/uploads\\\/2021\\\/01\\\/csm_Streuobst-Crumble__Foto_Margarete_Meggle-Freund_4318_ad8e5645c0.jpg\",\"content\":\"Streuobst-Crumble - Eine kleine Apfelmeditation\",\"link\":\"https:\\\/\\\/margarete.meggle-freund.de\\\/?p=2391\"}},{\"type\":\"grid_item\",\"props\":{\"title\":\"Lustige Kapuziner\",\"image\":\"wp-content\\\/uploads\\\/2021\\\/01\\\/csm_Lustiger_Kapuziner__Foto_Margarete_Meggle-Freund-2906_b0f4de41fd.jpg\",\"content\":\"Lustige Kapuziner - Im Freilandmuseum, wo der Bartel den Most holt\",\"link\":\"https:\\\/\\\/margarete.meggle-freund.de\\\/?p=2411\"}},{\"type\":\"grid_item\",\"props\":{\"title\":\"Feigen-Apfel-Schnee\",\"image\":\"wp-content\\\/uploads\\\/2021\\\/01\\\/csm_Feigen-Apfel-Schnee__Foto_Margarete_Meggle-Freund_Fraenkisches_Freilandmuseum__gkl_7bf9647675.jpg\",\"content\":\"Feigen-Apfel-Schnee mit Buchweizen - Die \\u00d6kobewegung entdeckt eine alte Kulturpflanze neu.\",\"link\":\"https:\\\/\\\/margarete.meggle-freund.de\\\/?p=2425\"}},{\"type\":\"grid_item\",\"props\":{\"title\":\"Kalter Hund\",\"image\":\"wp-content\\\/uploads\\\/2021\\\/01\\\/csm_Kalter_Hund__Foto_Margarete_Meggle-Freund_Fraenkisches_Freilandmuseum_29d4dbba6d.jpg\",\"content\":\"Kalter Hund - Exotische \\u00dcppigkeit im Wirtschaftswunder\",\"link\":\"https:\\\/\\\/margarete.meggle-freund.de\\\/?p=2436\"}},{\"type\":\"grid_item\",\"props\":{\"title\":\"Bl\\u00e4ttlaseier\",\"image\":\"wp-content\\\/uploads\\\/2021\\\/01\\\/csm_Pflanzengefaerbte_Eier_Apostelteller_kl__Foto_Georg_Meggle_bad5b229f1.jpg\",\"content\":\"Bl\\u00e4ttlaseier - Ostereier-F\\u00e4rben mit Naturfarben \\u2013 eine Freilichtmuseumstradition\",\"link\":\"https:\\\/\\\/margarete.meggle-freund.de\\\/?p=2346\"}},{\"type\":\"grid_item\",\"props\":{\"title\":\"Salbeispaghetti\",\"image\":\"wp-content\\\/uploads\\\/2021\\\/01\\\/csm_Salbeispaghetti__Foto_Margarete_Meggle-Freund_Fraenkisches_Freilandmuseum_932c944087.jpg\",\"content\":\"Salbeispaghetti - Fr\\u00e4nkischer Kr\\u00e4uteranbau\",\"link\":\"https:\\\/\\\/margarete.meggle-freund.de\\\/?p=2332\"}}]}]}]}]},{\"type\":\"section\",\"props\":{\"style\":\"default\",\"width\":\"default\",\"vertical_align\":\"middle\",\"title_position\":\"top-left\",\"title_rotation\":\"left\",\"title_breakpoint\":\"xl\",\"image_position\":\"center-center\"},\"children\":[{\"type\":\"row\",\"children\":[{\"type\":\"column\",\"props\":{\"image_position\":\"center-center\",\"media_overlay_gradient\":\"\",\"width_medium\":\"1-5\"},\"children\":[{\"type\":\"image\",\"props\":{\"margin\":\"default\",\"image_svg_color\":\"emphasis\",\"image\":\"wp-content\\\/uploads\\\/2021\\\/02\\\/freilandmuseum_badwindsheim_signet_RGB_gross-1.jpg\",\"link\":\"https:\\\/\\\/freilandmuseum.de\"}}]},{\"type\":\"column\",\"props\":{\"image_position\":\"center-center\",\"media_overlay_gradient\":\"\",\"width_medium\":\"3-5\"},\"children\":[{\"type\":\"text\",\"props\":{\"margin\":\"default\",\"column_breakpoint\":\"m\",\"content\":\"\n\n<p>In meiner<a href=\\\"https:\\\/\\\/margarete.meggle-freund.de\\\/?page_id=1950\\\"> Kulinarikserie<\\\/a> des<a href=\\\"https:\\\/\\\/freilandmuseum.de\\\/\\\"> Fr\\u00e4nkischen\\u00a0 Freilandmuseum Bad Windsheim<\\\/a>\\u00a0finden sich alte und erneuerte Rezepte mit Zutaten aus Franken, einfach und allt\\u00e4glich, oder auch einmal aufwendigere, kreative Rezepte mit kulturhistorischem Hintergrund.<\\\/p>\"}}]},{\"type\":\"column\",\"props\":{\"image_position\":\"center-center\",\"media_overlay_gradient\":\"\",\"width_medium\":\"1-5\"},\"children\":[]}],\"props\":{\"layout\":\"1-5,3-5,1-5\"}}]}],\"version\":\"2.3.32\"} --><\/p>\n","protected":false},"excerpt":{"rendered":"<p>Kulinarik In meiner Kulinarikserie f\u00fcr das Fr\u00e4nkische Freilandmuseum Bad Windsheim finden sich alte und erneuerte Rezepte mit Zutaten aus Franken, einfach und allt\u00e4glich, oder auch einmal aufwendigere, kreative Rezepte mit kulturhistorischem Hintergrund. Rezepte zur Zubereitung der Nahrungsmittel sind aufgeschriebene Familien- und Kulturgeschichte. F\u00fcr viele Menschen ist Heimat, als das Gef\u00fchl des Beheimatet- und Vertrautsein, auch [&hellip;]<\/p>\n","protected":false},"author":1,"featured_media":0,"parent":0,"menu_order":0,"comment_status":"closed","ping_status":"closed","template":"","meta":{"footnotes":""},"class_list":["post-1950","page","type-page","status-publish","hentry"],"_links":{"self":[{"href":"https:\/\/margarete.meggle-freund.de\/index.php?rest_route=\/wp\/v2\/pages\/1950","targetHints":{"allow":["GET"]}}],"collection":[{"href":"https:\/\/margarete.meggle-freund.de\/index.php?rest_route=\/wp\/v2\/pages"}],"about":[{"href":"https:\/\/margarete.meggle-freund.de\/index.php?rest_route=\/wp\/v2\/types\/page"}],"author":[{"embeddable":true,"href":"https:\/\/margarete.meggle-freund.de\/index.php?rest_route=\/wp\/v2\/users\/1"}],"replies":[{"embeddable":true,"href":"https:\/\/margarete.meggle-freund.de\/index.php?rest_route=%2Fwp%2Fv2%2Fcomments&post=1950"}],"version-history":[{"count":48,"href":"https:\/\/margarete.meggle-freund.de\/index.php?rest_route=\/wp\/v2\/pages\/1950\/revisions"}],"predecessor-version":[{"id":2675,"href":"https:\/\/margarete.meggle-freund.de\/index.php?rest_route=\/wp\/v2\/pages\/1950\/revisions\/2675"}],"wp:attachment":[{"href":"https:\/\/margarete.meggle-freund.de\/index.php?rest_route=%2Fwp%2Fv2%2Fmedia&parent=1950"}],"curies":[{"name":"wp","href":"https:\/\/api.w.org\/{rel}","templated":true}]}}